{"id":303,"date":"2020-09-14T19:02:44","date_gmt":"2020-09-14T19:02:44","guid":{"rendered":"http:\/\/fabiolaanaya.com\/?page_id=303"},"modified":"2020-11-06T19:42:44","modified_gmt":"2020-11-06T19:42:44","slug":"elementor-303","status":"publish","type":"page","link":"https:\/\/fabiolaanaya.com\/index.php\/elementor-303\/","title":{"rendered":"Periciales"},"content":{"rendered":"\t\t<div data-elementor-type=\"wp-page\" data-elementor-id=\"303\" class=\"elementor elementor-303\" data-elementor-settings=\"[]\">\n\t\t\t\t\t\t<div class=\"elementor-inner\">\n\t\t\t\t\t\t\t<div class=\"elementor-section-wrap\">\n\t\t\t\t\t\t\t<section class=\"penci-section penci-disSticky penci-structure-20 elementor-section elementor-top-section elementor-element elementor-element-405592c elementor-section-full_width elementor-section-height-default elementor-section-height-default\" data-id=\"405592c\" data-element_type=\"section\" data-settings=\"{&quot;background_background&quot;:&quot;classic&quot;}\">\n\t\t\t\t\t\t\t<div class=\"elementor-background-overlay\"><\/div>\n\t\t\t\t\t\t\t<div class=\"elementor-container elementor-column-gap-default\">\n\t\t\t\t\t\t\t<div class=\"elementor-row\">\n\t\t\t\t\t<div class=\"penci-ercol-50 penci-ercol-order-1 penci-sticky-ct  elementor-column elementor-col-50 elementor-top-column elementor-element elementor-element-7989d63\" data-id=\"7989d63\" data-element_type=\"column\">\n\t\t\t<div class=\"theiaStickySidebar elementor-column-wrap elementor-element-populated\">\n\t\t\t\t\t\t\t<div class=\"elementor-widget-wrap\">\n\t\t\t\t\t\t<div class=\"elementor-element elementor-element-ea59f82 elementor-widget elementor-widget-penci-fancy_heading\" data-id=\"ea59f82\" data-element_type=\"widget\" data-widget_type=\"penci-fancy_heading.default\">\n\t\t\t\t<div class=\"elementor-widget-container\">\n\t\t\t\t\t<div class=\"penci-fancy-heading penci-heading-text-right\">\r\n\t\t\t<div class=\"penci-fancy-heading-inner\">\r\n\t\t\t\t<h2 class=\"penci-heading-title\">PERICIALES<\/h2>\t\t\t<\/div>\r\n\t\t<\/div>\r\n\t\t\t\t<\/div>\n\t\t\t\t<\/div>\n\t\t\t\t\t\t<\/div>\n\t\t\t\t\t<\/div>\n\t\t<\/div>\n\t\t\t\t<div class=\"penci-ercol-50 penci-ercol-order-2 penci-sticky-ct  elementor-column elementor-col-50 elementor-top-column elementor-element elementor-element-8477124\" data-id=\"8477124\" data-element_type=\"column\">\n\t\t\t<div class=\"theiaStickySidebar elementor-column-wrap\">\n\t\t\t\t\t\t\t<div class=\"elementor-widget-wrap\">\n\t\t\t\t\t\t\t\t<\/div>\n\t\t\t\t\t<\/div>\n\t\t<\/div>\n\t\t\t\t\t\t\t\t<\/div>\n\t\t\t\t\t<\/div>\n\t\t<\/section>\n\t\t\t\t<section class=\"penci-section penci-disSticky penci-structure-10 elementor-section elementor-top-section elementor-element elementor-element-54601f4 elementor-section-boxed elementor-section-height-default elementor-section-height-default\" data-id=\"54601f4\" data-element_type=\"section\">\n\t\t\t\t\t\t<div class=\"elementor-container elementor-column-gap-default\">\n\t\t\t\t\t\t\t<div class=\"elementor-row\">\n\t\t\t\t\t<div class=\"penci-ercol-100 penci-ercol-order-1 penci-sticky-ct  elementor-column elementor-col-100 elementor-top-column elementor-element elementor-element-9c0cd16\" data-id=\"9c0cd16\" data-element_type=\"column\">\n\t\t\t<div class=\"theiaStickySidebar elementor-column-wrap elementor-element-populated\">\n\t\t\t\t\t\t\t<div class=\"elementor-widget-wrap\">\n\t\t\t\t\t\t<div class=\"elementor-element elementor-element-7b759a6 elementor-widget elementor-widget-spacer\" data-id=\"7b759a6\" data-element_type=\"widget\" data-widget_type=\"spacer.default\">\n\t\t\t\t<div class=\"elementor-widget-container\">\n\t\t\t\t\t<div class=\"elementor-spacer\">\n\t\t\t<div class=\"elementor-spacer-inner\"><\/div>\n\t\t<\/div>\n\t\t\t\t<\/div>\n\t\t\t\t<\/div>\n\t\t\t\t<div class=\"elementor-element elementor-element-c6b02a1 elementor-widget elementor-widget-text-editor\" data-id=\"c6b02a1\" data-element_type=\"widget\" data-widget_type=\"text-editor.default\">\n\t\t\t\t<div class=\"elementor-widget-container\">\n\t\t\t\t\t\t\t\t<div class=\"elementor-text-editor elementor-clearfix\">\n\t\t\t\t<p>Una pericial o dictamen en Psicolog\u00eda es un documento escrito y firmado en el que el perito establece sus consideraciones y conclusiones sobre los hechos objeto de evaluaci\u00f3n.<\/p><p>\u00a0<\/p><p>La pericial la puede solicitar un juez, un abogado o alguna otra autoridad judicial.<br \/>Actualmente cuento con c\u00e9dula de Perito Oficial ante los \u00d3rganos del Poder Judicial de la Federaci\u00f3n, lo que me permite emitir dict\u00e1menes en toda la Rep\u00fablica Mexicana.<\/p>\t\t\t\t\t<\/div>\n\t\t\t\t\t\t<\/div>\n\t\t\t\t<\/div>\n\t\t\t\t<div class=\"elementor-element elementor-element-b05828a elementor-widget elementor-widget-button\" data-id=\"b05828a\" data-element_type=\"widget\" data-widget_type=\"button.default\">\n\t\t\t\t<div class=\"elementor-widget-container\">\n\t\t\t\t\t<div class=\"elementor-button-wrapper\">\n\t\t\t<a href=\"http:\/\/fabiolaanaya.com\/index.php\/contacto\/\" class=\"elementor-button-link elementor-button elementor-size-lg\" role=\"button\">\n\t\t\t\t\t\t<span class=\"elementor-button-content-wrapper\">\n\t\t\t\t\t\t<span class=\"elementor-button-text\">SOLICITA UNA PERICIAL<\/span>\n\t\t<\/span>\n\t\t\t\t\t<\/a>\n\t\t<\/div>\n\t\t\t\t<\/div>\n\t\t\t\t<\/div>\n\t\t\t\t<div class=\"elementor-element elementor-element-ce1a10d elementor-widget elementor-widget-spacer\" data-id=\"ce1a10d\" data-element_type=\"widget\" data-widget_type=\"spacer.default\">\n\t\t\t\t<div class=\"elementor-widget-container\">\n\t\t\t\t\t<div class=\"elementor-spacer\">\n\t\t\t<div class=\"elementor-spacer-inner\"><\/div>\n\t\t<\/div>\n\t\t\t\t<\/div>\n\t\t\t\t<\/div>\n\t\t\t\t\t\t<\/div>\n\t\t\t\t\t<\/div>\n\t\t<\/div>\n\t\t\t\t\t\t\t\t<\/div>\n\t\t\t\t\t<\/div>\n\t\t<\/section>\n\t\t\t\t\t\t<\/div>\n\t\t\t\t\t\t<\/div>\n\t\t\t\t\t<\/div>\n\t\t","protected":false},"excerpt":{"rendered":"<p>PERICIALES Una pericial o dictamen en Psicolog\u00eda es un documento escrito y firmado en el que el perito establece sus consideraciones y conclusiones sobre los hechos objeto de evaluaci\u00f3n. \u00a0&hellip;<\/p>\n","protected":false},"author":1,"featured_media":306,"parent":0,"menu_order":0,"comment_status":"closed","ping_status":"closed","template":"page-fullwidth.php","meta":{"footnotes":""},"class_list":["post-303","page","type-page","status-publish","has-post-thumbnail","hentry"],"_links":{"self":[{"href":"https:\/\/fabiolaanaya.com\/index.php\/wp-json\/wp\/v2\/pages\/303","targetHints":{"allow":["GET"]}}],"collection":[{"href":"https:\/\/fabiolaanaya.com\/index.php\/wp-json\/wp\/v2\/pages"}],"about":[{"href":"https:\/\/fabiolaanaya.com\/index.php\/wp-json\/wp\/v2\/types\/page"}],"author":[{"embeddable":true,"href":"https:\/\/fabiolaanaya.com\/index.php\/wp-json\/wp\/v2\/users\/1"}],"replies":[{"embeddable":true,"href":"https:\/\/fabiolaanaya.com\/index.php\/wp-json\/wp\/v2\/comments?post=303"}],"version-history":[{"count":20,"href":"https:\/\/fabiolaanaya.com\/index.php\/wp-json\/wp\/v2\/pages\/303\/revisions"}],"predecessor-version":[{"id":577,"href":"https:\/\/fabiolaanaya.com\/index.php\/wp-json\/wp\/v2\/pages\/303\/revisions\/577"}],"wp:featuredmedia":[{"embeddable":true,"href":"https:\/\/fabiolaanaya.com\/index.php\/wp-json\/wp\/v2\/media\/306"}],"wp:attachment":[{"href":"https:\/\/fabiolaanaya.com\/index.php\/wp-json\/wp\/v2\/media?parent=303"}],"curies":[{"name":"wp","href":"https:\/\/api.w.org\/{rel}","templated":true}]}}